{"id":57,"date":"2023-07-25T14:18:00","date_gmt":"2023-07-25T12:18:00","guid":{"rendered":"https:\/\/projet2023.rtai.fr\/?page_id=57"},"modified":"2023-08-25T12:45:24","modified_gmt":"2023-08-25T10:45:24","slug":"deposer-une-offre","status":"publish","type":"page","link":"https:\/\/projet2023.rtai.fr\/index.php\/deposer-une-offre\/","title":{"rendered":"D\u00e9poser une offre"},"content":{"rendered":"\t\t<div data-elementor-type=\"wp-page\" data-elementor-id=\"57\" class=\"elementor elementor-57\">\n\t\t\t\t\t\t\t\t\t<section class=\"elementor-section elementor-top-section elementor-element elementor-element-3906c9c elementor-section-height-min-height elementor-section-stretched elementor-section-boxed elementor-section-height-default elementor-section-items-middle\" data-id=\"3906c9c\" data-element_type=\"section\" data-settings=\"{&quot;stretch_section&quot;:&quot;section-stretched&quot;,&quot;background_background&quot;:&quot;classic&quot;}\">\n\t\t\t\t\t\t<div class=\"elementor-container elementor-column-gap-default\">\n\t\t\t\t\t<div class=\"elementor-column elementor-col-100 elementor-top-column elementor-element elementor-element-69722b0\" data-id=\"69722b0\" data-element_type=\"column\">\n\t\t\t<div class=\"elementor-widget-wrap elementor-element-populated\">\n\t\t\t\t\t\t\t\t<div class=\"elementor-element elementor-element-354bc49 elementor-widget elementor-widget-heading\" data-id=\"354bc49\" data-element_type=\"widget\" data-widget_type=\"heading.default\">\n\t\t\t\t<div class=\"elementor-widget-container\">\n\t\t\t<style>\/*! elementor - v3.14.0 - 26-06-2023 *\/\n.elementor-heading-title{padding:0;margin:0;line-height:1}.elementor-widget-heading .elementor-heading-title[class*=elementor-size-]>a{color:inherit;font-size:inherit;line-height:inherit}.elementor-widget-heading .elementor-heading-title.elementor-size-small{font-size:15px}.elementor-widget-heading .elementor-heading-title.elementor-size-medium{font-size:19px}.elementor-widget-heading .elementor-heading-title.elementor-size-large{font-size:29px}.elementor-widget-heading .elementor-heading-title.elementor-size-xl{font-size:39px}.elementor-widget-heading .elementor-heading-title.elementor-size-xxl{font-size:59px}<\/style><h2 class=\"elementor-heading-title elementor-size-default\"> Int\u00e9resser par un profil ?\nD\u00e9posez une offre<\/h2>\t\t<\/div>\n\t\t\t\t<\/div>\n\t\t\t\t\t<\/div>\n\t\t<\/div>\n\t\t\t\t\t\t\t<\/div>\n\t\t<\/section>\n\t\t\t\t<section class=\"elementor-section elementor-top-section elementor-element elementor-element-641e360 elementor-section-stretched elementor-section-boxed elementor-section-height-default elementor-section-height-default\" data-id=\"641e360\" data-element_type=\"section\" data-settings=\"{&quot;stretch_section&quot;:&quot;section-stretched&quot;}\">\n\t\t\t\t\t\t<div class=\"elementor-container elementor-column-gap-default\">\n\t\t\t\t\t<div class=\"elementor-column elementor-col-100 elementor-top-column elementor-element elementor-element-a150445\" data-id=\"a150445\" data-element_type=\"column\">\n\t\t\t<div class=\"elementor-widget-wrap elementor-element-populated\">\n\t\t\t\t\t\t\t\t<div class=\"elementor-element elementor-element-bcc313e elementor-widget elementor-widget-text-editor\" data-id=\"bcc313e\" data-element_type=\"widget\" data-widget_type=\"text-editor.default\">\n\t\t\t\t<div class=\"elementor-widget-container\">\n\t\t\t<style>\/*! elementor - v3.14.0 - 26-06-2023 *\/\n.elementor-widget-text-editor.elementor-drop-cap-view-stacked .elementor-drop-cap{background-color:#69727d;color:#fff}.elementor-widget-text-editor.elementor-drop-cap-view-framed .elementor-drop-cap{color:#69727d;border:3px solid;background-color:transparent}.elementor-widget-text-editor:not(.elementor-drop-cap-view-default) .elementor-drop-cap{margin-top:8px}.elementor-widget-text-editor:not(.elementor-drop-cap-view-default) .elementor-drop-cap-letter{width:1em;height:1em}.elementor-widget-text-editor .elementor-drop-cap{float:left;text-align:center;line-height:1;font-size:50px}.elementor-widget-text-editor .elementor-drop-cap-letter{display:inline-block}<\/style>\t\t\t\t\t\t\t\t\t\t<\/div>\n\t\t\t\t<\/div>\n\t\t\t\t\t<\/div>\n\t\t<\/div>\n\t\t\t\t\t\t\t<\/div>\n\t\t<\/section>\n\t\t\t\t<section class=\"elementor-section elementor-top-section elementor-element elementor-element-6b77a9f elementor-section-stretched elementor-section-boxed elementor-section-height-default elementor-section-height-default\" data-id=\"6b77a9f\" data-element_type=\"section\" data-settings=\"{&quot;stretch_section&quot;:&quot;section-stretched&quot;}\">\n\t\t\t\t\t\t<div class=\"elementor-container elementor-column-gap-default\">\n\t\t\t\t\t<div class=\"elementor-column elementor-col-100 elementor-top-column elementor-element elementor-element-7c7f296\" data-id=\"7c7f296\" data-element_type=\"column\">\n\t\t\t<div class=\"elementor-widget-wrap elementor-element-populated\">\n\t\t\t\t\t\t\t\t<div class=\"elementor-element elementor-element-8cb0b27 elementor-widget elementor-widget-heading\" data-id=\"8cb0b27\" data-element_type=\"widget\" data-widget_type=\"heading.default\">\n\t\t\t\t<div class=\"elementor-widget-container\">\n\t\t\t<h2 class=\"elementor-heading-title elementor-size-default\">Formulaire de d\u00e9p\u00f4t d'offre<\/h2>\t\t<\/div>\n\t\t\t\t<\/div>\n\t\t\t\t<div class=\"elementor-element elementor-element-bc9d663 elementor-widget elementor-widget-text-editor\" data-id=\"bc9d663\" data-element_type=\"widget\" data-widget_type=\"text-editor.default\">\n\t\t\t\t<div class=\"elementor-widget-container\">\n\t\t\t\t\t\t\t<p>Lorem ipsum dolor sit amet. Sit delectus incidunt in velit inventore qui molestiae velit et reiciendis laboriosam est alias dolores et doloribus repellat eos facilis explicabo! Aut voluptatem laboriosam ab fugiat maiores aut voluptatem quidem. Est saepe nihil in dolores voluptatem aut quia error. Aut numquam dolores est molestias obcaecati nam ipsum accusantium.<\/p>\t\t\t\t\t\t<\/div>\n\t\t\t\t<\/div>\n\t\t\t\t\t<\/div>\n\t\t<\/div>\n\t\t\t\t\t\t\t<\/div>\n\t\t<\/section>\n\t\t\t\t<section class=\"elementor-section elementor-top-section elementor-element elementor-element-069cf1c elementor-section-boxed elementor-section-height-default elementor-section-height-default\" data-id=\"069cf1c\" data-element_type=\"section\">\n\t\t\t\t\t\t<div class=\"elementor-container elementor-column-gap-default\">\n\t\t\t\t\t<div class=\"elementor-column elementor-col-100 elementor-top-column elementor-element elementor-element-b5e9418\" data-id=\"b5e9418\" data-element_type=\"column\">\n\t\t\t<div class=\"elementor-widget-wrap elementor-element-populated\">\n\t\t\t\t\t\t\t\t<div class=\"elementor-element elementor-element-41a5f98 elementor-widget elementor-widget-formidable\" data-id=\"41a5f98\" data-element_type=\"widget\" data-widget_type=\"formidable.default\">\n\t\t\t\t<div class=\"elementor-widget-container\">\n\t\t\t<div class=\"frm_forms  with_frm_style frm_style_style-formidable\" id=\"frm_form_1_container\" >\n<form enctype=\"multipart\/form-data\" method=\"post\" class=\"frm-show-form \" id=\"form_contact-form\"  >\n<div class=\"frm_form_fields \">\n<fieldset>\n<legend class=\"frm_screen_reader\">Contact Us<\/legend>\n\n<div class=\"frm_fields_container\">\n<input type=\"hidden\" name=\"frm_action\" value=\"create\" \/>\n<input type=\"hidden\" name=\"form_id\" value=\"1\" \/>\n<input type=\"hidden\" name=\"frm_hide_fields_1\" id=\"frm_hide_fields_1\" value=\"\" \/>\n<input type=\"hidden\" name=\"form_key\" value=\"contact-form\" \/>\n<input type=\"hidden\" name=\"item_meta[0]\" value=\"\" \/>\n<input type=\"hidden\" id=\"frm_submit_entry_1\" name=\"frm_submit_entry_1\" value=\"aa50f993e4\" \/><input type=\"hidden\" name=\"_wp_http_referer\" value=\"\/index.php\/wp-json\/wp\/v2\/pages\/57\" \/><div id=\"frm_field_1_container\" class=\"frm_form_field form-field  frm_required_field frm_top_container frm_first frm_half\">\n    <label for=\"field_qh4icy\" id=\"field_qh4icy_label\" class=\"frm_primary_label\">Name\n        <span class=\"frm_required\" aria-hidden=\"true\">*<\/span>\n    <\/label>\n    <input type=\"text\" id=\"field_qh4icy\" name=\"item_meta[1]\" value=\"\"  data-reqmsg=\"Ce champ ne peut pas \u00eatre vide\" aria-required=\"true\" data-invmsg=\"Name est non valide\" aria-invalid=\"false\"   aria-describedby=\"frm_desc_field_qh4icy\"\/>\n    <div class=\"frm_description\" id=\"frm_desc_field_qh4icy\">First<\/div>\n    \n<\/div>\n<div id=\"frm_field_2_container\" class=\"frm_form_field form-field  frm_required_field frm_hidden_container frm_half\">\n    <label for=\"field_ocfup1\" id=\"field_ocfup1_label\" class=\"frm_primary_label\">Last\n        <span class=\"frm_required\" aria-hidden=\"true\">*<\/span>\n    <\/label>\n    <input type=\"text\" id=\"field_ocfup1\" name=\"item_meta[2]\" value=\"\"  data-reqmsg=\"Ce champ ne peut pas \u00eatre vide\" aria-required=\"true\" data-invmsg=\"Last est non valide\" aria-invalid=\"false\"   aria-describedby=\"frm_desc_field_ocfup1\"\/>\n    <div class=\"frm_description\" id=\"frm_desc_field_ocfup1\">Last<\/div>\n    \n<\/div>\n<div id=\"frm_field_3_container\" class=\"frm_form_field form-field  frm_required_field frm_top_container frm_full\">\n    <label for=\"field_29yf4d\" id=\"field_29yf4d_label\" class=\"frm_primary_label\">Email\n        <span class=\"frm_required\" aria-hidden=\"true\">*<\/span>\n    <\/label>\n    <input type=\"email\" id=\"field_29yf4d\" name=\"item_meta[3]\" value=\"\"  data-reqmsg=\"Ce champ ne peut pas \u00eatre vide\" aria-required=\"true\" data-invmsg=\"Please enter a valid email address\" aria-invalid=\"false\"  \/>\n    \n    \n<\/div>\n<div id=\"frm_field_4_container\" class=\"frm_form_field form-field  frm_required_field frm_top_container frm_full\">\n    <label for=\"field_e6lis6\" id=\"field_e6lis6_label\" class=\"frm_primary_label\">Subject\n        <span class=\"frm_required\" aria-hidden=\"true\">*<\/span>\n    <\/label>\n    <input type=\"text\" id=\"field_e6lis6\" name=\"item_meta[4]\" value=\"\"  data-reqmsg=\"Ce champ ne peut pas \u00eatre vide\" aria-required=\"true\" data-invmsg=\"Subject est non valide\" aria-invalid=\"false\"  \/>\n    \n    \n<\/div>\n<div id=\"frm_field_5_container\" class=\"frm_form_field form-field  frm_required_field frm_top_container frm_full\">\n    <label for=\"field_9jv0r1\" id=\"field_9jv0r1_label\" class=\"frm_primary_label\">Message\n        <span class=\"frm_required\" aria-hidden=\"true\">*<\/span>\n    <\/label>\n    <textarea name=\"item_meta[5]\" id=\"field_9jv0r1\" rows=\"5\"  data-reqmsg=\"Ce champ ne peut pas \u00eatre vide\" aria-required=\"true\" data-invmsg=\"Message est non valide\" aria-invalid=\"false\"  ><\/textarea>\n    \n    \n<\/div>\n\t<input type=\"hidden\" name=\"item_key\" value=\"\" \/>\n\t\t\t\t<div class=\"frm_verify\" aria-hidden=\"true\">\n\t\t\t\t<label for=\"frm_email_1\">\n\t\t\t\t\tSi vous \u00eates un humain, ne remplissez pas ce champ.\t\t\t\t<\/label>\n\t\t\t\t<input type=\"text\" class=\"frm_verify\" id=\"frm_email_1\" name=\"frm_verify\" value=\"\"  \/>\n\t\t\t<\/div>\n\t\t<div class=\"frm_submit\">\n\n<button class=\"frm_button_submit\" type=\"submit\"  >Envoyer<\/button>\n\n\n<\/div><\/div>\n<\/fieldset>\n<\/div>\n<\/form>\n<\/div>\n\t\t<\/div>\n\t\t\t\t<\/div>\n\t\t\t\t\t<\/div>\n\t\t<\/div>\n\t\t\t\t\t\t\t<\/div>\n\t\t<\/section>\n\t\t\t\t\t\t\t<\/div>\n\t\t","protected":false},"excerpt":{"rendered":"<p>Int\u00e9resser par un profil ? D\u00e9posez une offre Formulaire de d\u00e9p\u00f4t d&rsquo;offre Lorem ipsum dolor sit amet. Sit delectus incidunt in velit inventore qui molestiae velit et reiciendis laboriosam est alias dolores et doloribus repellat eos facilis explicabo! Aut voluptatem laboriosam ab fugiat maiores aut voluptatem quidem. Est saepe nihil in dolores voluptatem aut quia [&hellip;]<\/p>\n","protected":false},"author":2,"featured_media":0,"parent":0,"menu_order":0,"comment_status":"closed","ping_status":"closed","template":"","meta":{"footnotes":""},"class_list":["post-57","page","type-page","status-publish","hentry","entry"],"yoast_head":"<!-- This site is optimized with the Yoast SEO plugin v20.12 - https:\/\/yoast.com\/wordpress\/plugins\/seo\/ -->\n<title>D\u00e9poser une offre -<\/title>\n<meta name=\"robots\" content=\"index, follow, max-snippet:-1, max-image-preview:large, max-video-preview:-1\" \/>\n<link rel=\"canonical\" href=\"https:\/\/projet2023.rtai.fr\/index.php\/deposer-une-offre\/\" \/>\n<meta property=\"og:locale\" content=\"fr_FR\" \/>\n<meta property=\"og:type\" content=\"article\" \/>\n<meta property=\"og:title\" content=\"D\u00e9poser une offre -\" \/>\n<meta property=\"og:description\" content=\"Int\u00e9resser par un profil ? D\u00e9posez une offre Formulaire de d\u00e9p\u00f4t d&rsquo;offre Lorem ipsum dolor sit amet. Sit delectus incidunt in velit inventore qui molestiae velit et reiciendis laboriosam est alias dolores et doloribus repellat eos facilis explicabo! Aut voluptatem laboriosam ab fugiat maiores aut voluptatem quidem. Est saepe nihil in dolores voluptatem aut quia [&hellip;]\" \/>\n<meta property=\"og:url\" content=\"https:\/\/projet2023.rtai.fr\/index.php\/deposer-une-offre\/\" \/>\n<meta property=\"article:publisher\" content=\"https:\/\/www.facebook.com\/utcapitole\/?locale=fr_FR\" \/>\n<meta property=\"article:modified_time\" content=\"2023-08-25T10:45:24+00:00\" \/>\n<meta name=\"twitter:card\" content=\"summary_large_image\" \/>\n<meta name=\"twitter:site\" content=\"@UTCapitole\" \/>\n<meta name=\"twitter:label1\" content=\"Dur\u00e9e de lecture estim\u00e9e\" \/>\n\t<meta name=\"twitter:data1\" content=\"1 minute\" \/>\n<script type=\"application\/ld+json\" class=\"yoast-schema-graph\">{\"@context\":\"https:\/\/schema.org\",\"@graph\":[{\"@type\":\"WebPage\",\"@id\":\"https:\/\/projet2023.rtai.fr\/index.php\/deposer-une-offre\/\",\"url\":\"https:\/\/projet2023.rtai.fr\/index.php\/deposer-une-offre\/\",\"name\":\"D\u00e9poser une offre -\",\"isPartOf\":{\"@id\":\"https:\/\/projet2023.rtai.fr\/#website\"},\"datePublished\":\"2023-07-25T12:18:00+00:00\",\"dateModified\":\"2023-08-25T10:45:24+00:00\",\"breadcrumb\":{\"@id\":\"https:\/\/projet2023.rtai.fr\/index.php\/deposer-une-offre\/#breadcrumb\"},\"inLanguage\":\"fr-FR\",\"potentialAction\":[{\"@type\":\"ReadAction\",\"target\":[\"https:\/\/projet2023.rtai.fr\/index.php\/deposer-une-offre\/\"]}]},{\"@type\":\"BreadcrumbList\",\"@id\":\"https:\/\/projet2023.rtai.fr\/index.php\/deposer-une-offre\/#breadcrumb\",\"itemListElement\":[{\"@type\":\"ListItem\",\"position\":1,\"name\":\"Accueil\",\"item\":\"https:\/\/projet2023.rtai.fr\/\"},{\"@type\":\"ListItem\",\"position\":2,\"name\":\"D\u00e9poser une offre\"}]},{\"@type\":\"WebSite\",\"@id\":\"https:\/\/projet2023.rtai.fr\/#website\",\"url\":\"https:\/\/projet2023.rtai.fr\/\",\"name\":\"projet2023.rtai.fr\",\"description\":\"NOS SAVOIR-FAIRE POUR ATTEINDRE L&#039;EXCELLENCE\",\"publisher\":{\"@id\":\"https:\/\/projet2023.rtai.fr\/#organization\"},\"potentialAction\":[{\"@type\":\"SearchAction\",\"target\":{\"@type\":\"EntryPoint\",\"urlTemplate\":\"https:\/\/projet2023.rtai.fr\/?s={search_term_string}\"},\"query-input\":\"required name=search_term_string\"}],\"inLanguage\":\"fr-FR\"},{\"@type\":\"Organization\",\"@id\":\"https:\/\/projet2023.rtai.fr\/#organization\",\"name\":\"universit\u00e9 Toulouse Capitol 1\",\"url\":\"https:\/\/projet2023.rtai.fr\/\",\"logo\":{\"@type\":\"ImageObject\",\"inLanguage\":\"fr-FR\",\"@id\":\"https:\/\/projet2023.rtai.fr\/#\/schema\/logo\/image\/\",\"url\":\"https:\/\/projet2023.rtai.fr\/wp-content\/uploads\/2023\/07\/cropped-cropped-telechargement-1-3.png\",\"contentUrl\":\"https:\/\/projet2023.rtai.fr\/wp-content\/uploads\/2023\/07\/cropped-cropped-telechargement-1-3.png\",\"width\":469,\"height\":467,\"caption\":\"universit\u00e9 Toulouse Capitol 1\"},\"image\":{\"@id\":\"https:\/\/projet2023.rtai.fr\/#\/schema\/logo\/image\/\"},\"sameAs\":[\"https:\/\/www.facebook.com\/utcapitole\/?locale=fr_FR\",\"https:\/\/twitter.com\/UTCapitole\"]}]}<\/script>\n<!-- \/ Yoast SEO plugin. -->","yoast_head_json":{"title":"D\u00e9poser une offre -","robots":{"index":"index","follow":"follow","max-snippet":"max-snippet:-1","max-image-preview":"max-image-preview:large","max-video-preview":"max-video-preview:-1"},"canonical":"https:\/\/projet2023.rtai.fr\/index.php\/deposer-une-offre\/","og_locale":"fr_FR","og_type":"article","og_title":"D\u00e9poser une offre -","og_description":"Int\u00e9resser par un profil ? D\u00e9posez une offre Formulaire de d\u00e9p\u00f4t d&rsquo;offre Lorem ipsum dolor sit amet. Sit delectus incidunt in velit inventore qui molestiae velit et reiciendis laboriosam est alias dolores et doloribus repellat eos facilis explicabo! Aut voluptatem laboriosam ab fugiat maiores aut voluptatem quidem. Est saepe nihil in dolores voluptatem aut quia [&hellip;]","og_url":"https:\/\/projet2023.rtai.fr\/index.php\/deposer-une-offre\/","article_publisher":"https:\/\/www.facebook.com\/utcapitole\/?locale=fr_FR","article_modified_time":"2023-08-25T10:45:24+00:00","twitter_card":"summary_large_image","twitter_site":"@UTCapitole","twitter_misc":{"Dur\u00e9e de lecture estim\u00e9e":"1 minute"},"schema":{"@context":"https:\/\/schema.org","@graph":[{"@type":"WebPage","@id":"https:\/\/projet2023.rtai.fr\/index.php\/deposer-une-offre\/","url":"https:\/\/projet2023.rtai.fr\/index.php\/deposer-une-offre\/","name":"D\u00e9poser une offre -","isPartOf":{"@id":"https:\/\/projet2023.rtai.fr\/#website"},"datePublished":"2023-07-25T12:18:00+00:00","dateModified":"2023-08-25T10:45:24+00:00","breadcrumb":{"@id":"https:\/\/projet2023.rtai.fr\/index.php\/deposer-une-offre\/#breadcrumb"},"inLanguage":"fr-FR","potentialAction":[{"@type":"ReadAction","target":["https:\/\/projet2023.rtai.fr\/index.php\/deposer-une-offre\/"]}]},{"@type":"BreadcrumbList","@id":"https:\/\/projet2023.rtai.fr\/index.php\/deposer-une-offre\/#breadcrumb","itemListElement":[{"@type":"ListItem","position":1,"name":"Accueil","item":"https:\/\/projet2023.rtai.fr\/"},{"@type":"ListItem","position":2,"name":"D\u00e9poser une offre"}]},{"@type":"WebSite","@id":"https:\/\/projet2023.rtai.fr\/#website","url":"https:\/\/projet2023.rtai.fr\/","name":"projet2023.rtai.fr","description":"NOS SAVOIR-FAIRE POUR ATTEINDRE L&#039;EXCELLENCE","publisher":{"@id":"https:\/\/projet2023.rtai.fr\/#organization"},"potentialAction":[{"@type":"SearchAction","target":{"@type":"EntryPoint","urlTemplate":"https:\/\/projet2023.rtai.fr\/?s={search_term_string}"},"query-input":"required name=search_term_string"}],"inLanguage":"fr-FR"},{"@type":"Organization","@id":"https:\/\/projet2023.rtai.fr\/#organization","name":"universit\u00e9 Toulouse Capitol 1","url":"https:\/\/projet2023.rtai.fr\/","logo":{"@type":"ImageObject","inLanguage":"fr-FR","@id":"https:\/\/projet2023.rtai.fr\/#\/schema\/logo\/image\/","url":"https:\/\/projet2023.rtai.fr\/wp-content\/uploads\/2023\/07\/cropped-cropped-telechargement-1-3.png","contentUrl":"https:\/\/projet2023.rtai.fr\/wp-content\/uploads\/2023\/07\/cropped-cropped-telechargement-1-3.png","width":469,"height":467,"caption":"universit\u00e9 Toulouse Capitol 1"},"image":{"@id":"https:\/\/projet2023.rtai.fr\/#\/schema\/logo\/image\/"},"sameAs":["https:\/\/www.facebook.com\/utcapitole\/?locale=fr_FR","https:\/\/twitter.com\/UTCapitole"]}]}},"_links":{"self":[{"href":"https:\/\/projet2023.rtai.fr\/index.php\/wp-json\/wp\/v2\/pages\/57","targetHints":{"allow":["GET"]}}],"collection":[{"href":"https:\/\/projet2023.rtai.fr\/index.php\/wp-json\/wp\/v2\/pages"}],"about":[{"href":"https:\/\/projet2023.rtai.fr\/index.php\/wp-json\/wp\/v2\/types\/page"}],"author":[{"embeddable":true,"href":"https:\/\/projet2023.rtai.fr\/index.php\/wp-json\/wp\/v2\/users\/2"}],"replies":[{"embeddable":true,"href":"https:\/\/projet2023.rtai.fr\/index.php\/wp-json\/wp\/v2\/comments?post=57"}],"version-history":[{"count":16,"href":"https:\/\/projet2023.rtai.fr\/index.php\/wp-json\/wp\/v2\/pages\/57\/revisions"}],"predecessor-version":[{"id":748,"href":"https:\/\/projet2023.rtai.fr\/index.php\/wp-json\/wp\/v2\/pages\/57\/revisions\/748"}],"wp:attachment":[{"href":"https:\/\/projet2023.rtai.fr\/index.php\/wp-json\/wp\/v2\/media?parent=57"}],"curies":[{"name":"wp","href":"https:\/\/api.w.org\/{rel}","templated":true}]}}